{"id":3344,"date":"2022-12-09T18:31:32","date_gmt":"2022-12-09T17:31:32","guid":{"rendered":"https:\/\/nervosavetx.com\/?page_id=3344"},"modified":"2024-03-12T18:17:17","modified_gmt":"2024-03-12T17:17:17","slug":"sarah-abbas-2","status":"publish","type":"page","link":"https:\/\/nervosavetx.com\/fr\/about-us\/sarah-abbas-2\/","title":{"rendered":"Sarah Abbas"},"content":{"rendered":"<div data-elementor-type=\"wp-page\" data-elementor-id=\"3344\" class=\"elementor elementor-3344\" data-elementor-settings=\"[]\">\n\t\t\t\t\t\t<div class=\"elementor-inner\">\n\t\t\t\t\t\t\t<div class=\"elementor-section-wrap\">\n\t\t\t\t\t\t\t<section class=\"elementor-section elementor-top-section elementor-element elementor-element-bca7db8 elementor-section-boxed elementor-section-height-default elementor-section-height-default\" data-id=\"bca7db8\" data-element_type=\"section\">\n\t\t\t\t\t\t<div class=\"elementor-container elementor-column-gap-default\">\n\t\t\t\t\t\t\t<div class=\"elementor-row\">\n\t\t\t\t\t<div class=\"elementor-column elementor-col-100 elementor-top-column elementor-element elementor-element-7282d14\" data-id=\"7282d14\" data-element_type=\"column\">\n\t\t\t<div class=\"elementor-column-wrap elementor-element-populated\">\n\t\t\t\t\t\t\t<div class=\"elementor-widget-wrap\">\n\t\t\t\t\t\t<section class=\"elementor-section elementor-inner-section elementor-element elementor-element-ecc9e44 elementor-section-boxed elementor-section-height-default elementor-section-height-default\" data-id=\"ecc9e44\" data-element_type=\"section\">\n\t\t\t\t\t\t<div class=\"elementor-container elementor-column-gap-default\">\n\t\t\t\t\t\t\t<div class=\"elementor-row\">\n\t\t\t\t\t<div class=\"elementor-column elementor-col-50 elementor-inner-column elementor-element elementor-element-139acf1\" data-id=\"139acf1\" data-element_type=\"column\">\n\t\t\t<div class=\"elementor-column-wrap elementor-element-populated\">\n\t\t\t\t\t\t\t<div class=\"elementor-widget-wrap\">\n\t\t\t\t\t\t<div class=\"elementor-element elementor-element-6acdf45 elementor-widget elementor-widget-image\" data-id=\"6acdf45\" data-element_type=\"widget\" data-widget_type=\"image.default\">\n\t\t\t\t<div class=\"elementor-widget-container\">\n\t\t\t\t\t\t\t\t<div class=\"elementor-image\">\n\t\t\t\t\t\t\t\t\t\t\t\t<img src=\"https:\/\/nervosavetx.com\/wp-content\/uploads\/elementor\/thumbs\/Sarah-Abbas-pyx33jy4xjtnni5a928qzcl2thtss861ccll74igas.jpg\" title=\"Sarah-Abbas\" alt=\"Sarah-Abbas\" \/>\t\t\t\t\t\t\t\t\t\t\t\t\t\t<\/div>\n\t\t\t\t\t\t<\/div>\n\t\t\t\t<\/div>\n\t\t\t\t\t\t<\/div>\n\t\t\t\t\t<\/div>\n\t\t<\/div>\n\t\t\t\t<div class=\"elementor-column elementor-col-50 elementor-inner-column elementor-element elementor-element-57ad4d5\" data-id=\"57ad4d5\" data-element_type=\"column\">\n\t\t\t<div class=\"elementor-column-wrap elementor-element-populated\">\n\t\t\t\t\t\t\t<div class=\"elementor-widget-wrap\">\n\t\t\t\t\t\t<div class=\"elementor-element elementor-element-1760604 elementor-widget elementor-widget-spacer\" data-id=\"1760604\" data-element_type=\"widget\" data-widget_type=\"spacer.default\">\n\t\t\t\t<div class=\"elementor-widget-container\">\n\t\t\t\t\t<div class=\"elementor-spacer\">\n\t\t\t<div class=\"elementor-spacer-inner\"><\/div>\n\t\t<\/div>\n\t\t\t\t<\/div>\n\t\t\t\t<\/div>\n\t\t\t\t<div class=\"elementor-element elementor-element-2ed7a82 elementor-widget elementor-widget-heading\" data-id=\"2ed7a82\" data-element_type=\"widget\" data-widget_type=\"heading.default\">\n\t\t\t\t<div class=\"elementor-widget-container\">\n\t\t\t<h2 class=\"elementor-heading-title elementor-size-default\">SARAH ABBAS<\/h2>\t\t<\/div>\n\t\t\t\t<\/div>\n\t\t\t\t<div class=\"elementor-element elementor-element-c7e3054 elementor-widget elementor-widget-heading\" data-id=\"c7e3054\" data-element_type=\"widget\" data-widget_type=\"heading.default\">\n\t\t\t\t<div class=\"elementor-widget-container\">\n\t\t\t<h2 class=\"elementor-heading-title elementor-size-default\">CMO<\/h2>\t\t<\/div>\n\t\t\t\t<\/div>\n\t\t\t\t<div class=\"elementor-element elementor-element-bde6a82 elementor-widget elementor-widget-text-editor\" data-id=\"bde6a82\" data-element_type=\"widget\" data-widget_type=\"text-editor.default\">\n\t\t\t\t<div class=\"elementor-widget-container\">\n\t\t\t\t\t\t\t\t<div class=\"elementor-text-editor elementor-clearfix\">\n\t\t\t\t<p class=\" translation-block\">Sarah Abbas collabore avec Nervosave Therapeutics en tant que <strong>Chief Medical Officer pour le d\u00e9veloppement clinique du programme NVO-101<\/strong>. Elle est \u00e9galement m\u00e9decin conseil \u00e0 l'Institut des cellules souches et des maladies monog\u00e9niques de Corbeil-Essonnes en France.<\/p><p>Sarah Abbas a obtenu son dipl\u00f4me de m\u00e9decine en 1992 en maladies tropicales et infectieuses \u00e0 la facult\u00e9 de m\u00e9decine de l'Universit\u00e9 de Paris - H\u00f4pital Lariboisi\u00e8re, Paris, France. Apr\u00e8s une br\u00e8ve carri\u00e8re en tant que m\u00e9decin de terrain dans le domaine du VIH, elle s'est associ\u00e9e au d\u00e9but des ann\u00e9es 2000 \u00e0 l'Institut Gustave Roussy, Paris, France, et \u00e0 Pfizer Global Pharmaceuticals, Paris, France pour d\u00e9velopper des m\u00e9dicaments cliniques en oncologie et des franchises anti-infectieuses et respiratoires (Zyvox\u00ae, Vfend\u00ae et Zithromax\u00ae). En 2005, elle rejoint Roche Pharmaceuticals France, Neuilly, France, pour diriger le d\u00e9veloppement des franchises anti-VIH et mucoviscidose. En 2007, elle a poursuivi sa recherche d'un traitement commercial pour la mucoviscidose chez Chiesi Farmaceutici S.p.A., Parme, Italie, en tant que chef de projet clinique. Elle a \u00e9galement d\u00e9velopp\u00e9 des compos\u00e9s pour lutter contre la d\u00e9tresse respiratoire n\u00e9onatale. En 2008, elle rejoint Astellas Pharma, Levallois-Perret, France, en tant que Responsable des Affaires M\u00e9dicales pour les produits anti-infectieux. Elle a d\u00e9velopp\u00e9, mis en \u0153uvre et supervis\u00e9 la strat\u00e9gie m\u00e9dicale en ligne avec la strat\u00e9gie marketing globale pour l'ensemble de la franchise Anti-infectieux. En 2010, elle s'est tourn\u00e9e vers le d\u00e9veloppement de th\u00e9rapies innovantes en tant que directrice m\u00e9dicale pour l'immunologie et la bioth\u00e9rapie chez UCB Biosciences Inc., Bruxelles, Belgique. Elle y a \u00e9crit et mis en \u0153uvre des protocoles d'essais d'anticorps monoclonaux et d'anti-TNF pour traiter plusieurs maladies auto-immunes s\u00e9v\u00e8res (lupus, maladie de Crohn, polyarthrite rhumato\u00efde, spondyloarthrite). Apr\u00e8s 8 ans, elle a ensuite travaill\u00e9 en tant que Directrice d'\u00e9tudes cliniques externes pour Sanofi-Aventis, Chilly-Mazarin, France, pour mettre en place des essais cliniques pour des m\u00e9dicaments destin\u00e9s \u00e0 traiter le diab\u00e8te, les maladies rares et l'inflammation.<\/p><p>En 2018, elle d\u00e9cide d'investir le domaine des th\u00e9rapies innovantes du c\u00f4t\u00e9 des biotechnologies et rejoint Da Volterra, Paris, France, en tant que Directrice d'\u00e9tudes cliniques. Cette biotech d\u00e9veloppe des compos\u00e9s pour pr\u00e9venir la dysbiose du microbiote. Elle a ensuite rejoint G\u00e9n\u00e9thon et l'Institut des cellules souches et des maladies monog\u00e9niques, deux instituts soutenus par l'association caritative AFM-T\u00e9l\u00e9thon, pour mettre en place des essais cliniques pour les ATMP (Advanced Therapy Medicinal Products). Son d\u00e9veloppement comprenait des th\u00e9rapies g\u00e9niques et cellulaires\/tissulaires pour les maladies rares, le syndrome de Wiscott-Aldrich, la maladie granulomateuse chronique, plusieurs myopathies, la r\u00e9tinite pigmentaire, le syndrome de Wolfram et la dr\u00e9panocytose.<\/p><p>Parall\u00e8lement \u00e0 son engagement pour le d\u00e9veloppement de th\u00e9rapies innovantes pour les maladies rares, Sarah s'est consacr\u00e9e dans les ann\u00e9es 90 \u00e0 plusieurs missions m\u00e9dicales humanitaires en Afrique (Rwanda, Burundi, Congo, Za\u00efre) et en Asie (Cambodge) pour M\u00e9decins Sans Fronti\u00e8res, l'OMS et l'UNICEF . Elle a mis en place des programmes m\u00e9dicaux d'urgence pour les r\u00e9fugi\u00e9s au Rwanda et a d\u00e9velopp\u00e9 et mis en \u0153uvre plusieurs programmes de sant\u00e9 publique pour le contr\u00f4le des maladies infectieuses et la vaccination et un programme \u00e9ducatif pour les femmes enceintes.<\/p>\t\t\t\t\t<\/div>\n\t\t\t\t\t\t<\/div>\n\t\t\t\t<\/div>\n\t\t\t\t<div class=\"elementor-element elementor-element-4cba31d elementor-align-left elementor-widget elementor-widget-button\" data-id=\"4cba31d\" data-element_type=\"widget\" data-widget_type=\"button.default\">\n\t\t\t\t<div class=\"elementor-widget-container\">\n\t\t\t\t\t<div class=\"elementor-button-wrapper\">\n\t\t\t<a href=\"https:\/\/nervosavetx.com\/fr\/about-us\/#ourteam\" class=\"elementor-button-link elementor-button elementor-size-xs\" role=\"button\">\n\t\t\t\t\t\t<span class=\"elementor-button-content-wrapper\">\n\t\t\t\t\t\t<span class=\"elementor-button-text\">&lt; Retour<\/span>\n\t\t<\/span>\n\t\t\t\t\t<\/a>\n\t\t<\/div>\n\t\t\t\t<\/div>\n\t\t\t\t<\/div>\n\t\t\t\t\t\t<\/div>\n\t\t\t\t\t<\/div>\n\t\t<\/div>\n\t\t\t\t\t\t\t\t<\/div>\n\t\t\t\t\t<\/div>\n\t\t<\/section>\n\t\t\t\t\t\t<\/div>\n\t\t\t\t\t<\/div>\n\t\t<\/div>\n\t\t\t\t\t\t\t\t<\/div>\n\t\t\t\t\t<\/div>\n\t\t<\/section>\n\t\t\t\t<footer class=\"elementor-section elementor-top-section elementor-element elementor-element-7af4082d elementor-section-full_width elementor-section-stretched elementor-section-height-default elementor-section-height-default\" data-id=\"7af4082d\" data-element_type=\"section\" data-settings=\"{&quot;stretch_section&quot;:&quot;section-stretched&quot;,&quot;background_background&quot;:&quot;classic&quot;}\">\n\t\t\t\t\t\t<div class=\"elementor-container elementor-column-gap-default\">\n\t\t\t\t\t\t\t<div class=\"elementor-row\">\n\t\t\t\t\t<div class=\"elementor-column elementor-col-100 elementor-top-column elementor-element elementor-element-1727ec08\" data-id=\"1727ec08\" data-element_type=\"column\">\n\t\t\t<div class=\"elementor-column-wrap elementor-element-populated\">\n\t\t\t\t\t\t\t<div class=\"elementor-widget-wrap\">\n\t\t\t\t\t\t<section class=\"elementor-section elementor-inner-section elementor-element elementor-element-4877a908 elementor-section-boxed elementor-section-height-default elementor-section-height-default\" data-id=\"4877a908\" data-element_type=\"section\">\n\t\t\t\t\t\t<div class=\"elementor-container elementor-column-gap-default\">\n\t\t\t\t\t\t\t<div class=\"elementor-row\">\n\t\t\t\t\t<div class=\"elementor-column elementor-col-33 elementor-inner-column elementor-element elementor-element-5ba872d0\" data-id=\"5ba872d0\" data-element_type=\"column\">\n\t\t\t<div class=\"elementor-column-wrap\">\n\t\t\t\t\t\t\t<div class=\"elementor-widget-wrap\">\n\t\t\t\t\t\t\t\t<\/div>\n\t\t\t\t\t<\/div>\n\t\t<\/div>\n\t\t\t\t<div class=\"elementor-column elementor-col-33 elementor-inner-column elementor-element elementor-element-5f5d275a\" data-id=\"5f5d275a\" data-element_type=\"column\">\n\t\t\t<div class=\"elementor-column-wrap\">\n\t\t\t\t\t\t\t<div class=\"elementor-widget-wrap\">\n\t\t\t\t\t\t\t\t<\/div>\n\t\t\t\t\t<\/div>\n\t\t<\/div>\n\t\t\t\t<div class=\"elementor-column elementor-col-33 elementor-inner-column elementor-element elementor-element-7de0c67c\" data-id=\"7de0c67c\" data-element_type=\"column\">\n\t\t\t<div class=\"elementor-column-wrap elementor-element-populated\">\n\t\t\t\t\t\t\t<div class=\"elementor-widget-wrap\">\n\t\t\t\t\t\t<div class=\"elementor-element elementor-element-7b76f7f2 elementor-widget elementor-widget-text-editor\" data-id=\"7b76f7f2\" data-element_type=\"widget\" data-widget_type=\"text-editor.default\">\n\t\t\t\t<div class=\"elementor-widget-container\">\n\t\t\t\t\t\t\t\t<div class=\"elementor-text-editor elementor-clearfix\">\n\t\t\t\t<a style=\"color:white;\" href=\"https:\/\/nervosavetx.com\/fr\/legal-notice\/\" target=\"_blank\" rel=\"noopener\">Mentions l\u00e9gales<\/a>\t\t\t\t\t<\/div>\n\t\t\t\t\t\t<\/div>\n\t\t\t\t<\/div>\n\t\t\t\t<div class=\"elementor-element elementor-element-d70d618 elementor-widget elementor-widget-text-editor\" data-id=\"d70d618\" data-element_type=\"widget\" data-widget_type=\"text-editor.default\">\n\t\t\t\t<div class=\"elementor-widget-container\">\n\t\t\t\t\t\t\t\t<div class=\"elementor-text-editor elementor-clearfix\">\n\t\t\t\t<p style=\"color: white;\">Copyright Nervosave Therapeutics 2021<\/p>\t\t\t\t\t<\/div>\n\t\t\t\t\t\t<\/div>\n\t\t\t\t<\/div>\n\t\t\t\t\t\t<\/div>\n\t\t\t\t\t<\/div>\n\t\t<\/div>\n\t\t\t\t\t\t\t\t<\/div>\n\t\t\t\t\t<\/div>\n\t\t<\/section>\n\t\t\t\t\t\t<\/div>\n\t\t\t\t\t<\/div>\n\t\t<\/div>\n\t\t\t\t\t\t\t\t<\/div>\n\t\t\t\t\t<\/div>\n\t\t<\/footer>\n\t\t\t\t\t\t<\/div>\n\t\t\t\t\t\t<\/div>\n\t\t\t\t\t<\/div>","protected":false},"excerpt":{"rendered":"<p>SARAH ABBAS CMO Sarah Abbas is collaborating with Nervosave Therapeutics as Chief [&hellip;]<\/p>","protected":false},"author":1,"featured_media":3323,"parent":13,"menu_order":0,"comment_status":"closed","ping_status":"closed","template":"elementor_header_footer","meta":[],"yoast_head":"<!-- This site is optimized with the Yoast SEO plugin v17.8 - https:\/\/yoast.com\/wordpress\/plugins\/seo\/ -->\n<title>Sarah Abbas - Nervosave Therapeutics<\/title>\n<meta name=\"robots\" content=\"index, follow, max-snippet:-1, max-image-preview:large, max-video-preview:-1\" \/>\n<link rel=\"canonical\" href=\"https:\/\/nervosavetx.com\/fr\/about-us\/sarah-abbas-2\/\" \/>\n<meta property=\"og:locale\" content=\"fr_FR\" \/>\n<meta property=\"og:type\" content=\"article\" \/>\n<meta property=\"og:title\" content=\"Sarah Abbas - Nervosave Therapeutics\" \/>\n<meta property=\"og:description\" content=\"SARAH ABBAS CMO Sarah Abbas is collaborating with Nervosave Therapeutics as Chief [&hellip;]\" \/>\n<meta property=\"og:url\" content=\"https:\/\/nervosavetx.com\/fr\/about-us\/sarah-abbas-2\/\" \/>\n<meta property=\"og:site_name\" content=\"Nervosave Therapeutics\" \/>\n<meta property=\"article:modified_time\" content=\"2024-03-12T17:17:17+00:00\" \/>\n<meta property=\"og:image\" content=\"https:\/\/nervosavetx.com\/wp-content\/uploads\/2022\/12\/Sarah-Abbas.jpg\" \/>\n\t<meta property=\"og:image:width\" content=\"414\" \/>\n\t<meta property=\"og:image:height\" content=\"566\" \/>\n<meta name=\"twitter:card\" content=\"summary_large_image\" \/>\n<meta name=\"twitter:label1\" content=\"Dur\u00e9e de lecture estim\u00e9e\" \/>\n\t<meta name=\"twitter:data1\" content=\"3 minutes\" \/>\n<script type=\"application\/ld+json\" class=\"yoast-schema-graph\">{\"@context\":\"https:\/\/schema.org\",\"@graph\":[{\"@type\":\"WebSite\",\"@id\":\"https:\/\/nervosavetx.com\/#website\",\"url\":\"https:\/\/nervosavetx.com\/\",\"name\":\"Nervosave Therapeutics\",\"description\":\"Gene therapy for CMT\",\"potentialAction\":[{\"@type\":\"SearchAction\",\"target\":{\"@type\":\"EntryPoint\",\"urlTemplate\":\"https:\/\/nervosavetx.com\/?s={search_term_string}\"},\"query-input\":\"required name=search_term_string\"}],\"inLanguage\":\"fr-FR\"},{\"@type\":\"ImageObject\",\"@id\":\"https:\/\/nervosavetx.com\/about-us\/sarah-abbas-2\/#primaryimage\",\"inLanguage\":\"fr-FR\",\"url\":\"https:\/\/nervosavetx.com\/wp-content\/uploads\/2022\/12\/Sarah-Abbas.jpg\",\"contentUrl\":\"https:\/\/nervosavetx.com\/wp-content\/uploads\/2022\/12\/Sarah-Abbas.jpg\",\"width\":414,\"height\":566},{\"@type\":\"WebPage\",\"@id\":\"https:\/\/nervosavetx.com\/about-us\/sarah-abbas-2\/#webpage\",\"url\":\"https:\/\/nervosavetx.com\/about-us\/sarah-abbas-2\/\",\"name\":\"Sarah Abbas - Nervosave Therapeutics\",\"isPartOf\":{\"@id\":\"https:\/\/nervosavetx.com\/#website\"},\"primaryImageOfPage\":{\"@id\":\"https:\/\/nervosavetx.com\/about-us\/sarah-abbas-2\/#primaryimage\"},\"datePublished\":\"2022-12-09T17:31:32+00:00\",\"dateModified\":\"2024-03-12T17:17:17+00:00\",\"breadcrumb\":{\"@id\":\"https:\/\/nervosavetx.com\/about-us\/sarah-abbas-2\/#breadcrumb\"},\"inLanguage\":\"fr-FR\",\"potentialAction\":[{\"@type\":\"ReadAction\",\"target\":[\"https:\/\/nervosavetx.com\/about-us\/sarah-abbas-2\/\"]}]},{\"@type\":\"BreadcrumbList\",\"@id\":\"https:\/\/nervosavetx.com\/about-us\/sarah-abbas-2\/#breadcrumb\",\"itemListElement\":[{\"@type\":\"ListItem\",\"position\":1,\"name\":\"Accueil\",\"item\":\"https:\/\/nervosavetx.com\/\"},{\"@type\":\"ListItem\",\"position\":2,\"name\":\"About us\",\"item\":\"https:\/\/nervosavetx.com\/about-us\/\"},{\"@type\":\"ListItem\",\"position\":3,\"name\":\"Sarah Abbas\"}]}]}<\/script>\n<!-- \/ Yoast SEO plugin. -->","yoast_head_json":{"title":"Sarah Abbas - Nervosave Therapeutics","robots":{"index":"index","follow":"follow","max-snippet":"max-snippet:-1","max-image-preview":"max-image-preview:large","max-video-preview":"max-video-preview:-1"},"canonical":"https:\/\/nervosavetx.com\/fr\/about-us\/sarah-abbas-2\/","og_locale":"fr_FR","og_type":"article","og_title":"Sarah Abbas - Nervosave Therapeutics","og_description":"SARAH ABBAS CMO Sarah Abbas is collaborating with Nervosave Therapeutics as Chief [&hellip;]","og_url":"https:\/\/nervosavetx.com\/fr\/about-us\/sarah-abbas-2\/","og_site_name":"Nervosave Therapeutics","article_modified_time":"2024-03-12T17:17:17+00:00","og_image":[{"width":414,"height":566,"url":"https:\/\/nervosavetx.com\/wp-content\/uploads\/2022\/12\/Sarah-Abbas.jpg","type":"image\/jpeg"}],"twitter_card":"summary_large_image","twitter_misc":{"Dur\u00e9e de lecture estim\u00e9e":"3 minutes"},"schema":{"@context":"https:\/\/schema.org","@graph":[{"@type":"WebSite","@id":"https:\/\/nervosavetx.com\/#website","url":"https:\/\/nervosavetx.com\/","name":"Nervosave Therapeutics","description":"Gene therapy for CMT","potentialAction":[{"@type":"SearchAction","target":{"@type":"EntryPoint","urlTemplate":"https:\/\/nervosavetx.com\/?s={search_term_string}"},"query-input":"required name=search_term_string"}],"inLanguage":"fr-FR"},{"@type":"ImageObject","@id":"https:\/\/nervosavetx.com\/about-us\/sarah-abbas-2\/#primaryimage","inLanguage":"fr-FR","url":"https:\/\/nervosavetx.com\/wp-content\/uploads\/2022\/12\/Sarah-Abbas.jpg","contentUrl":"https:\/\/nervosavetx.com\/wp-content\/uploads\/2022\/12\/Sarah-Abbas.jpg","width":414,"height":566},{"@type":"WebPage","@id":"https:\/\/nervosavetx.com\/about-us\/sarah-abbas-2\/#webpage","url":"https:\/\/nervosavetx.com\/about-us\/sarah-abbas-2\/","name":"Sarah Abbas - Nervosave Therapeutics","isPartOf":{"@id":"https:\/\/nervosavetx.com\/#website"},"primaryImageOfPage":{"@id":"https:\/\/nervosavetx.com\/about-us\/sarah-abbas-2\/#primaryimage"},"datePublished":"2022-12-09T17:31:32+00:00","dateModified":"2024-03-12T17:17:17+00:00","breadcrumb":{"@id":"https:\/\/nervosavetx.com\/about-us\/sarah-abbas-2\/#breadcrumb"},"inLanguage":"fr-FR","potentialAction":[{"@type":"ReadAction","target":["https:\/\/nervosavetx.com\/about-us\/sarah-abbas-2\/"]}]},{"@type":"BreadcrumbList","@id":"https:\/\/nervosavetx.com\/about-us\/sarah-abbas-2\/#breadcrumb","itemListElement":[{"@type":"ListItem","position":1,"name":"Accueil","item":"https:\/\/nervosavetx.com\/"},{"@type":"ListItem","position":2,"name":"About us","item":"https:\/\/nervosavetx.com\/about-us\/"},{"@type":"ListItem","position":3,"name":"Sarah Abbas"}]}]}},"_links":{"self":[{"href":"https:\/\/nervosavetx.com\/fr\/wp-json\/wp\/v2\/pages\/3344"}],"collection":[{"href":"https:\/\/nervosavetx.com\/fr\/wp-json\/wp\/v2\/pages"}],"about":[{"href":"https:\/\/nervosavetx.com\/fr\/wp-json\/wp\/v2\/types\/page"}],"author":[{"embeddable":true,"href":"https:\/\/nervosavetx.com\/fr\/wp-json\/wp\/v2\/users\/1"}],"replies":[{"embeddable":true,"href":"https:\/\/nervosavetx.com\/fr\/wp-json\/wp\/v2\/comments?post=3344"}],"version-history":[{"count":19,"href":"https:\/\/nervosavetx.com\/fr\/wp-json\/wp\/v2\/pages\/3344\/revisions"}],"predecessor-version":[{"id":3463,"href":"https:\/\/nervosavetx.com\/fr\/wp-json\/wp\/v2\/pages\/3344\/revisions\/3463"}],"up":[{"embeddable":true,"href":"https:\/\/nervosavetx.com\/fr\/wp-json\/wp\/v2\/pages\/13"}],"wp:featuredmedia":[{"embeddable":true,"href":"https:\/\/nervosavetx.com\/fr\/wp-json\/wp\/v2\/media\/3323"}],"wp:attachment":[{"href":"https:\/\/nervosavetx.com\/fr\/wp-json\/wp\/v2\/media?parent=3344"}],"curies":[{"name":"wp","href":"https:\/\/api.w.org\/{rel}","templated":true}]}}