{"id":723,"date":"2020-10-20T16:58:08","date_gmt":"2020-10-20T14:58:08","guid":{"rendered":"https:\/\/nervosavetx.com\/?page_id=723"},"modified":"2024-03-12T18:17:17","modified_gmt":"2024-03-12T17:17:17","slug":"cathy-beaumard","status":"publish","type":"page","link":"https:\/\/nervosavetx.com\/fr\/about-us\/cathy-beaumard\/","title":{"rendered":"Cathy Beaumard"},"content":{"rendered":"<div data-elementor-type=\"wp-page\" data-elementor-id=\"723\" class=\"elementor elementor-723\" data-elementor-settings=\"[]\">\n\t\t\t\t\t\t<div class=\"elementor-inner\">\n\t\t\t\t\t\t\t<div class=\"elementor-section-wrap\">\n\t\t\t\t\t\t\t<section class=\"elementor-section elementor-top-section elementor-element elementor-element-bca7db8 elementor-section-boxed elementor-section-height-default elementor-section-height-default\" data-id=\"bca7db8\" data-element_type=\"section\">\n\t\t\t\t\t\t<div class=\"elementor-container elementor-column-gap-default\">\n\t\t\t\t\t\t\t<div class=\"elementor-row\">\n\t\t\t\t\t<div class=\"elementor-column elementor-col-100 elementor-top-column elementor-element elementor-element-7282d14\" data-id=\"7282d14\" data-element_type=\"column\">\n\t\t\t<div class=\"elementor-column-wrap elementor-element-populated\">\n\t\t\t\t\t\t\t<div class=\"elementor-widget-wrap\">\n\t\t\t\t\t\t<div class=\"elementor-element elementor-element-31a1de2 elementor-widget elementor-widget-heading\" data-id=\"31a1de2\" data-element_type=\"widget\" data-widget_type=\"heading.default\">\n\t\t\t\t<div class=\"elementor-widget-container\">\n\t\t\t<h4 class=\"elementor-heading-title elementor-size-default\">Fondateur<\/h4>\t\t<\/div>\n\t\t\t\t<\/div>\n\t\t\t\t<section class=\"elementor-section elementor-inner-section elementor-element elementor-element-ecc9e44 elementor-section-boxed elementor-section-height-default elementor-section-height-default\" data-id=\"ecc9e44\" data-element_type=\"section\">\n\t\t\t\t\t\t<div class=\"elementor-container elementor-column-gap-default\">\n\t\t\t\t\t\t\t<div class=\"elementor-row\">\n\t\t\t\t\t<div class=\"elementor-column elementor-col-50 elementor-inner-column elementor-element elementor-element-139acf1\" data-id=\"139acf1\" data-element_type=\"column\">\n\t\t\t<div class=\"elementor-column-wrap elementor-element-populated\">\n\t\t\t\t\t\t\t<div class=\"elementor-widget-wrap\">\n\t\t\t\t\t\t<div class=\"elementor-element elementor-element-6acdf45 elementor-widget elementor-widget-image\" data-id=\"6acdf45\" data-element_type=\"widget\" data-widget_type=\"image.default\">\n\t\t\t\t<div class=\"elementor-widget-container\">\n\t\t\t\t\t\t\t\t<div class=\"elementor-image\">\n\t\t\t\t\t\t\t\t\t\t\t\t<img src=\"https:\/\/nervosavetx.com\/wp-content\/uploads\/elementor\/thumbs\/Cathy-Beaumard-Nervosave-Therapeutics-pek4luac53k9gwtb5mth8rl2nllwwwkmzzxz5j1k3o.jpg\" title=\"Cathy Beaumard Nervosave Therapeutics\" alt=\"Cathy Beaumard Nervosave Therapeutics\" \/>\t\t\t\t\t\t\t\t\t\t\t\t\t\t<\/div>\n\t\t\t\t\t\t<\/div>\n\t\t\t\t<\/div>\n\t\t\t\t\t\t<\/div>\n\t\t\t\t\t<\/div>\n\t\t<\/div>\n\t\t\t\t<div class=\"elementor-column elementor-col-50 elementor-inner-column elementor-element elementor-element-57ad4d5\" data-id=\"57ad4d5\" data-element_type=\"column\">\n\t\t\t<div class=\"elementor-column-wrap elementor-element-populated\">\n\t\t\t\t\t\t\t<div class=\"elementor-widget-wrap\">\n\t\t\t\t\t\t<div class=\"elementor-element elementor-element-1760604 elementor-widget elementor-widget-spacer\" data-id=\"1760604\" data-element_type=\"widget\" data-widget_type=\"spacer.default\">\n\t\t\t\t<div class=\"elementor-widget-container\">\n\t\t\t\t\t<div class=\"elementor-spacer\">\n\t\t\t<div class=\"elementor-spacer-inner\"><\/div>\n\t\t<\/div>\n\t\t\t\t<\/div>\n\t\t\t\t<\/div>\n\t\t\t\t<div class=\"elementor-element elementor-element-2ed7a82 elementor-widget elementor-widget-heading\" data-id=\"2ed7a82\" data-element_type=\"widget\" data-widget_type=\"heading.default\">\n\t\t\t\t<div class=\"elementor-widget-container\">\n\t\t\t<h2 class=\"elementor-heading-title elementor-size-default\">Cathy Beaumard<\/h2>\t\t<\/div>\n\t\t\t\t<\/div>\n\t\t\t\t<div class=\"elementor-element elementor-element-c7e3054 elementor-widget elementor-widget-heading\" data-id=\"c7e3054\" data-element_type=\"widget\" data-widget_type=\"heading.default\">\n\t\t\t\t<div class=\"elementor-widget-container\">\n\t\t\t<h2 class=\"elementor-heading-title elementor-size-default\">Co-fondatrice, Directrice G\u00e9n\u00e9rale \/ Responsable Qualit\u00e9<\/h2>\t\t<\/div>\n\t\t\t\t<\/div>\n\t\t\t\t<div class=\"elementor-element elementor-element-bde6a82 elementor-widget elementor-widget-text-editor\" data-id=\"bde6a82\" data-element_type=\"widget\" data-widget_type=\"text-editor.default\">\n\t\t\t\t<div class=\"elementor-widget-container\">\n\t\t\t\t\t\t\t\t<div class=\"elementor-text-editor elementor-clearfix\">\n\t\t\t\t<p style=\"margin-top: 10px;\" class=\" translation-block\"><strong>Cathy Beaumard, ing\u00e9nieure qualit\u00e9 et entrepreneure.<\/strong><br>Cathy est une entrepreneure dans l\u2019\u00e2me  avec plus de 20 ans d\u2019exp\u00e9rience de travail dans la qualit\u00e9, la communication et la gestion g\u00e9n\u00e9rale avec des chefs d\u2019entreprise du secteur sanitaire et m\u00e9dico-social.  Cathy dirige sa propre soci\u00e9t\u00e9 de conseil et d\u2019audit en gestion des syst\u00e8mes qualit\u00e9 depuis 1997. Son \u00e9quipe travaille sur des projets de qualit\u00e9, de s\u00e9curit\u00e9 et de gestion toujours adapt\u00e9s \u00e0 la pratique professionnelle.<\/p><div><p class=\"BodyA\"><span class=\"None\"><span lang=\"EN\">Since its creatiion Cathy <\/span><\/span><span lang=\"EN\">is working for NERVOSAVE,<span class=\"None\">\u00a0putting in place<\/span> <span class=\"None\">activity<\/span> <span class=\"None\">tracking<\/span>, <span class=\"None\">risk<\/span> <span class=\"None\">management\u00a0<\/span><span class=\"None\">tools, efficient management routines and projects organization and implementation.<\/span><\/span><\/p><\/div>\t\t\t\t\t<\/div>\n\t\t\t\t\t\t<\/div>\n\t\t\t\t<\/div>\n\t\t\t\t<div class=\"elementor-element elementor-element-4cba31d elementor-align-left elementor-widget elementor-widget-button\" data-id=\"4cba31d\" data-element_type=\"widget\" data-widget_type=\"button.default\">\n\t\t\t\t<div class=\"elementor-widget-container\">\n\t\t\t\t\t<div class=\"elementor-button-wrapper\">\n\t\t\t<a href=\"https:\/\/nervosavetx.com\/fr\/about-us\/#ourteam\" class=\"elementor-button-link elementor-button elementor-size-xs\" role=\"button\">\n\t\t\t\t\t\t<span class=\"elementor-button-content-wrapper\">\n\t\t\t\t\t\t<span class=\"elementor-button-text\">&lt; Retour<\/span>\n\t\t<\/span>\n\t\t\t\t\t<\/a>\n\t\t<\/div>\n\t\t\t\t<\/div>\n\t\t\t\t<\/div>\n\t\t\t\t\t\t<\/div>\n\t\t\t\t\t<\/div>\n\t\t<\/div>\n\t\t\t\t\t\t\t\t<\/div>\n\t\t\t\t\t<\/div>\n\t\t<\/section>\n\t\t\t\t\t\t<\/div>\n\t\t\t\t\t<\/div>\n\t\t<\/div>\n\t\t\t\t\t\t\t\t<\/div>\n\t\t\t\t\t<\/div>\n\t\t<\/section>\n\t\t\t\t<footer class=\"elementor-section elementor-top-section elementor-element elementor-element-7af4082d elementor-section-full_width elementor-section-stretched elementor-section-height-default elementor-section-height-default\" data-id=\"7af4082d\" data-element_type=\"section\" data-settings=\"{&quot;stretch_section&quot;:&quot;section-stretched&quot;,&quot;background_background&quot;:&quot;classic&quot;}\">\n\t\t\t\t\t\t<div class=\"elementor-container elementor-column-gap-default\">\n\t\t\t\t\t\t\t<div class=\"elementor-row\">\n\t\t\t\t\t<div class=\"elementor-column elementor-col-100 elementor-top-column elementor-element elementor-element-1727ec08\" data-id=\"1727ec08\" data-element_type=\"column\">\n\t\t\t<div class=\"elementor-column-wrap elementor-element-populated\">\n\t\t\t\t\t\t\t<div class=\"elementor-widget-wrap\">\n\t\t\t\t\t\t<section class=\"elementor-section elementor-inner-section elementor-element elementor-element-4877a908 elementor-section-boxed elementor-section-height-default elementor-section-height-default\" data-id=\"4877a908\" data-element_type=\"section\">\n\t\t\t\t\t\t<div class=\"elementor-container elementor-column-gap-default\">\n\t\t\t\t\t\t\t<div class=\"elementor-row\">\n\t\t\t\t\t<div class=\"elementor-column elementor-col-33 elementor-inner-column elementor-element elementor-element-5ba872d0\" data-id=\"5ba872d0\" data-element_type=\"column\">\n\t\t\t<div class=\"elementor-column-wrap\">\n\t\t\t\t\t\t\t<div class=\"elementor-widget-wrap\">\n\t\t\t\t\t\t\t\t<\/div>\n\t\t\t\t\t<\/div>\n\t\t<\/div>\n\t\t\t\t<div class=\"elementor-column elementor-col-33 elementor-inner-column elementor-element elementor-element-5f5d275a\" data-id=\"5f5d275a\" data-element_type=\"column\">\n\t\t\t<div class=\"elementor-column-wrap\">\n\t\t\t\t\t\t\t<div class=\"elementor-widget-wrap\">\n\t\t\t\t\t\t\t\t<\/div>\n\t\t\t\t\t<\/div>\n\t\t<\/div>\n\t\t\t\t<div class=\"elementor-column elementor-col-33 elementor-inner-column elementor-element elementor-element-7de0c67c\" data-id=\"7de0c67c\" data-element_type=\"column\">\n\t\t\t<div class=\"elementor-column-wrap elementor-element-populated\">\n\t\t\t\t\t\t\t<div class=\"elementor-widget-wrap\">\n\t\t\t\t\t\t<div class=\"elementor-element elementor-element-7b76f7f2 elementor-widget elementor-widget-text-editor\" data-id=\"7b76f7f2\" data-element_type=\"widget\" data-widget_type=\"text-editor.default\">\n\t\t\t\t<div class=\"elementor-widget-container\">\n\t\t\t\t\t\t\t\t<div class=\"elementor-text-editor elementor-clearfix\">\n\t\t\t\t<a style=\"color:white;\" href=\"https:\/\/nervosavetx.com\/fr\/legal-notice\/\" target=\"_blank\" rel=\"noopener\">Mentions l\u00e9gales<\/a>\t\t\t\t\t<\/div>\n\t\t\t\t\t\t<\/div>\n\t\t\t\t<\/div>\n\t\t\t\t<div class=\"elementor-element elementor-element-d70d618 elementor-widget elementor-widget-text-editor\" data-id=\"d70d618\" data-element_type=\"widget\" data-widget_type=\"text-editor.default\">\n\t\t\t\t<div class=\"elementor-widget-container\">\n\t\t\t\t\t\t\t\t<div class=\"elementor-text-editor elementor-clearfix\">\n\t\t\t\t<p style=\"color: white;\">Copyright Nervosave Therapeutics 2021<\/p>\t\t\t\t\t<\/div>\n\t\t\t\t\t\t<\/div>\n\t\t\t\t<\/div>\n\t\t\t\t\t\t<\/div>\n\t\t\t\t\t<\/div>\n\t\t<\/div>\n\t\t\t\t\t\t\t\t<\/div>\n\t\t\t\t\t<\/div>\n\t\t<\/section>\n\t\t\t\t\t\t<\/div>\n\t\t\t\t\t<\/div>\n\t\t<\/div>\n\t\t\t\t\t\t\t\t<\/div>\n\t\t\t\t\t<\/div>\n\t\t<\/footer>\n\t\t\t\t\t\t<\/div>\n\t\t\t\t\t\t<\/div>\n\t\t\t\t\t<\/div>","protected":false},"excerpt":{"rendered":"<p>Founders Cathy Beaumard Co-founder, General Manager\/Quality Officer Cathy Beaumard, Quality Engineer and [&hellip;]<\/p>","protected":false},"author":1,"featured_media":1774,"parent":13,"menu_order":0,"comment_status":"closed","ping_status":"closed","template":"elementor_header_footer","meta":[],"yoast_head":"<!-- This site is optimized with the Yoast SEO plugin v17.8 - https:\/\/yoast.com\/wordpress\/plugins\/seo\/ -->\n<title>Cathy Beaumard - Nervosave Therapeutics<\/title>\n<meta name=\"robots\" content=\"index, follow, max-snippet:-1, max-image-preview:large, max-video-preview:-1\" \/>\n<link rel=\"canonical\" href=\"https:\/\/nervosavetx.com\/fr\/about-us\/cathy-beaumard\/\" \/>\n<meta property=\"og:locale\" content=\"fr_FR\" \/>\n<meta property=\"og:type\" content=\"article\" \/>\n<meta property=\"og:title\" content=\"Cathy Beaumard - Nervosave Therapeutics\" \/>\n<meta property=\"og:description\" content=\"Founders Cathy Beaumard Co-founder, General Manager\/Quality Officer Cathy Beaumard, Quality Engineer and [&hellip;]\" \/>\n<meta property=\"og:url\" content=\"https:\/\/nervosavetx.com\/fr\/about-us\/cathy-beaumard\/\" \/>\n<meta property=\"og:site_name\" content=\"Nervosave Therapeutics\" \/>\n<meta property=\"article:modified_time\" content=\"2024-03-12T17:17:17+00:00\" \/>\n<meta property=\"og:image\" content=\"https:\/\/nervosavetx.com\/wp-content\/uploads\/2020\/11\/Cathy-Beaumard-Nervosave-Therapeutics.jpg\" \/>\n\t<meta property=\"og:image:width\" content=\"414\" \/>\n\t<meta property=\"og:image:height\" content=\"566\" \/>\n<meta name=\"twitter:card\" content=\"summary_large_image\" \/>\n<meta name=\"twitter:label1\" content=\"Dur\u00e9e de lecture estim\u00e9e\" \/>\n\t<meta name=\"twitter:data1\" content=\"1 minute\" \/>\n<script type=\"application\/ld+json\" class=\"yoast-schema-graph\">{\"@context\":\"https:\/\/schema.org\",\"@graph\":[{\"@type\":\"WebSite\",\"@id\":\"https:\/\/nervosavetx.com\/#website\",\"url\":\"https:\/\/nervosavetx.com\/\",\"name\":\"Nervosave Therapeutics\",\"description\":\"Gene therapy for CMT\",\"potentialAction\":[{\"@type\":\"SearchAction\",\"target\":{\"@type\":\"EntryPoint\",\"urlTemplate\":\"https:\/\/nervosavetx.com\/?s={search_term_string}\"},\"query-input\":\"required name=search_term_string\"}],\"inLanguage\":\"fr-FR\"},{\"@type\":\"ImageObject\",\"@id\":\"https:\/\/nervosavetx.com\/about-us\/cathy-beaumard\/#primaryimage\",\"inLanguage\":\"fr-FR\",\"url\":\"https:\/\/nervosavetx.com\/wp-content\/uploads\/2020\/11\/Cathy-Beaumard-Nervosave-Therapeutics.jpg\",\"contentUrl\":\"https:\/\/nervosavetx.com\/wp-content\/uploads\/2020\/11\/Cathy-Beaumard-Nervosave-Therapeutics.jpg\",\"width\":414,\"height\":566},{\"@type\":\"WebPage\",\"@id\":\"https:\/\/nervosavetx.com\/about-us\/cathy-beaumard\/#webpage\",\"url\":\"https:\/\/nervosavetx.com\/about-us\/cathy-beaumard\/\",\"name\":\"Cathy Beaumard - Nervosave Therapeutics\",\"isPartOf\":{\"@id\":\"https:\/\/nervosavetx.com\/#website\"},\"primaryImageOfPage\":{\"@id\":\"https:\/\/nervosavetx.com\/about-us\/cathy-beaumard\/#primaryimage\"},\"datePublished\":\"2020-10-20T14:58:08+00:00\",\"dateModified\":\"2024-03-12T17:17:17+00:00\",\"breadcrumb\":{\"@id\":\"https:\/\/nervosavetx.com\/about-us\/cathy-beaumard\/#breadcrumb\"},\"inLanguage\":\"fr-FR\",\"potentialAction\":[{\"@type\":\"ReadAction\",\"target\":[\"https:\/\/nervosavetx.com\/about-us\/cathy-beaumard\/\"]}]},{\"@type\":\"BreadcrumbList\",\"@id\":\"https:\/\/nervosavetx.com\/about-us\/cathy-beaumard\/#breadcrumb\",\"itemListElement\":[{\"@type\":\"ListItem\",\"position\":1,\"name\":\"Accueil\",\"item\":\"https:\/\/nervosavetx.com\/\"},{\"@type\":\"ListItem\",\"position\":2,\"name\":\"About us\",\"item\":\"https:\/\/nervosavetx.com\/about-us\/\"},{\"@type\":\"ListItem\",\"position\":3,\"name\":\"Cathy Beaumard\"}]}]}<\/script>\n<!-- \/ Yoast SEO plugin. -->","yoast_head_json":{"title":"Cathy Beaumard - Nervosave Therapeutics","robots":{"index":"index","follow":"follow","max-snippet":"max-snippet:-1","max-image-preview":"max-image-preview:large","max-video-preview":"max-video-preview:-1"},"canonical":"https:\/\/nervosavetx.com\/fr\/about-us\/cathy-beaumard\/","og_locale":"fr_FR","og_type":"article","og_title":"Cathy Beaumard - Nervosave Therapeutics","og_description":"Founders Cathy Beaumard Co-founder, General Manager\/Quality Officer Cathy Beaumard, Quality Engineer and [&hellip;]","og_url":"https:\/\/nervosavetx.com\/fr\/about-us\/cathy-beaumard\/","og_site_name":"Nervosave Therapeutics","article_modified_time":"2024-03-12T17:17:17+00:00","og_image":[{"width":414,"height":566,"url":"https:\/\/nervosavetx.com\/wp-content\/uploads\/2020\/11\/Cathy-Beaumard-Nervosave-Therapeutics.jpg","type":"image\/jpeg"}],"twitter_card":"summary_large_image","twitter_misc":{"Dur\u00e9e de lecture estim\u00e9e":"1 minute"},"schema":{"@context":"https:\/\/schema.org","@graph":[{"@type":"WebSite","@id":"https:\/\/nervosavetx.com\/#website","url":"https:\/\/nervosavetx.com\/","name":"Nervosave Therapeutics","description":"Gene therapy for CMT","potentialAction":[{"@type":"SearchAction","target":{"@type":"EntryPoint","urlTemplate":"https:\/\/nervosavetx.com\/?s={search_term_string}"},"query-input":"required name=search_term_string"}],"inLanguage":"fr-FR"},{"@type":"ImageObject","@id":"https:\/\/nervosavetx.com\/about-us\/cathy-beaumard\/#primaryimage","inLanguage":"fr-FR","url":"https:\/\/nervosavetx.com\/wp-content\/uploads\/2020\/11\/Cathy-Beaumard-Nervosave-Therapeutics.jpg","contentUrl":"https:\/\/nervosavetx.com\/wp-content\/uploads\/2020\/11\/Cathy-Beaumard-Nervosave-Therapeutics.jpg","width":414,"height":566},{"@type":"WebPage","@id":"https:\/\/nervosavetx.com\/about-us\/cathy-beaumard\/#webpage","url":"https:\/\/nervosavetx.com\/about-us\/cathy-beaumard\/","name":"Cathy Beaumard - Nervosave Therapeutics","isPartOf":{"@id":"https:\/\/nervosavetx.com\/#website"},"primaryImageOfPage":{"@id":"https:\/\/nervosavetx.com\/about-us\/cathy-beaumard\/#primaryimage"},"datePublished":"2020-10-20T14:58:08+00:00","dateModified":"2024-03-12T17:17:17+00:00","breadcrumb":{"@id":"https:\/\/nervosavetx.com\/about-us\/cathy-beaumard\/#breadcrumb"},"inLanguage":"fr-FR","potentialAction":[{"@type":"ReadAction","target":["https:\/\/nervosavetx.com\/about-us\/cathy-beaumard\/"]}]},{"@type":"BreadcrumbList","@id":"https:\/\/nervosavetx.com\/about-us\/cathy-beaumard\/#breadcrumb","itemListElement":[{"@type":"ListItem","position":1,"name":"Accueil","item":"https:\/\/nervosavetx.com\/"},{"@type":"ListItem","position":2,"name":"About us","item":"https:\/\/nervosavetx.com\/about-us\/"},{"@type":"ListItem","position":3,"name":"Cathy Beaumard"}]}]}},"_links":{"self":[{"href":"https:\/\/nervosavetx.com\/fr\/wp-json\/wp\/v2\/pages\/723"}],"collection":[{"href":"https:\/\/nervosavetx.com\/fr\/wp-json\/wp\/v2\/pages"}],"about":[{"href":"https:\/\/nervosavetx.com\/fr\/wp-json\/wp\/v2\/types\/page"}],"author":[{"embeddable":true,"href":"https:\/\/nervosavetx.com\/fr\/wp-json\/wp\/v2\/users\/1"}],"replies":[{"embeddable":true,"href":"https:\/\/nervosavetx.com\/fr\/wp-json\/wp\/v2\/comments?post=723"}],"version-history":[{"count":67,"href":"https:\/\/nervosavetx.com\/fr\/wp-json\/wp\/v2\/pages\/723\/revisions"}],"predecessor-version":[{"id":3443,"href":"https:\/\/nervosavetx.com\/fr\/wp-json\/wp\/v2\/pages\/723\/revisions\/3443"}],"up":[{"embeddable":true,"href":"https:\/\/nervosavetx.com\/fr\/wp-json\/wp\/v2\/pages\/13"}],"wp:featuredmedia":[{"embeddable":true,"href":"https:\/\/nervosavetx.com\/fr\/wp-json\/wp\/v2\/media\/1774"}],"wp:attachment":[{"href":"https:\/\/nervosavetx.com\/fr\/wp-json\/wp\/v2\/media?parent=723"}],"curies":[{"name":"wp","href":"https:\/\/api.w.org\/{rel}","templated":true}]}}